{"id":1315,"date":"2018-06-05T10:09:15","date_gmt":"2018-06-05T08:09:15","guid":{"rendered":"https:\/\/airasmoniz.com\/?page_id=1315"},"modified":"2018-06-25T13:19:37","modified_gmt":"2018-06-25T11:19:37","slug":"vacas-pastoreo","status":"publish","type":"page","link":"https:\/\/airasmoniz.com\/es\/vacas-pastoreo\/","title":{"rendered":"VACAS EN PASTOREO"},"content":{"rendered":"<p><div class=\"fusion-fullwidth fullwidth-box fusion-builder-row-3 hundred-percent-fullwidth non-hundred-percent-height-scrolling fusion-equal-height-columns banner\" style=\"--awb-background-position:left top;--awb-border-radius-top-left:0px;--awb-border-radius-top-right:0px;--awb-border-radius-bottom-right:0px;--awb-border-radius-bottom-left:0px;--awb-padding-top:0px;--awb-padding-bottom:100px;--awb-border-sizes-top:0px;--awb-border-sizes-bottom:0px;--awb-flex-wrap:wrap;\" ><div class=\"fusion-builder-row fusion-row\"><div class=\"fusion-layout-column fusion_builder_column fusion-builder-column-4 fusion_builder_column_1_1 1_1 fusion-one-full fusion-column-first fusion-column-last\" style=\"--awb-bg-image:url(&#039;https:\/\/airasmoniz.com\/wp-content\/uploads\/2018\/06\/vacas_pastoreo.jpg&#039;);--awb-bg-size:cover;\"><div class=\"fusion-column-wrapper fusion-flex-column-wrapper-legacy fusion-empty-column-bg-image fusion-column-has-bg-image\" data-bg-url=\"https:\/\/airasmoniz.com\/wp-content\/uploads\/2018\/06\/vacas_pastoreo.jpg\"><img decoding=\"async\" class=\"fusion-empty-dims-img-placeholder fusion-no-large-visibility\" aria-label=\"vacas_pastoreo\" src=\"data:image\/svg+xml,%3Csvg%20xmlns%3D%27http%3A%2F%2Fwww.w3.org%2F2000%2Fsvg%27%20width%3D%271920%27%20height%3D%27383%27%20viewBox%3D%270%200%201920%20383%27%3E%3Crect%20width%3D%271920%27%20height%3D%27383%27%20fill-opacity%3D%220%22%2F%3E%3C%2Fsvg%3E\"><div class=\"fusion-clearfix\"><\/div><\/div><\/div><\/div><\/div><div class=\"fusion-fullwidth fullwidth-box fusion-builder-row-4 nonhundred-percent-fullwidth non-hundred-percent-height-scrolling\" style=\"--awb-border-radius-top-left:0px;--awb-border-radius-top-right:0px;--awb-border-radius-bottom-right:0px;--awb-border-radius-bottom-left:0px;--awb-padding-right:50px;--awb-padding-left:50px;--awb-margin-top:50px;--awb-flex-wrap:wrap;\" id=\"pagina\" ><div class=\"fusion-builder-row fusion-row\"><div class=\"fusion-layout-column fusion_builder_column fusion-builder-column-5 fusion_builder_column_2_5 2_5 fusion-two-fifth fusion-column-first fusion-column-no-min-height\" style=\"--awb-bg-size:cover;width:37.6%; margin-right: 4%;\"><div class=\"fusion-column-wrapper fusion-flex-column-wrapper-legacy\"><div class=\"fusion-image-carousel fusion-image-carousel-auto fusion-image-carousel-2 lightbox-enabled fusion-carousel-border\"><div class=\"awb-carousel awb-swiper awb-swiper-carousel awb-carousel--carousel awb-swiper-dots-position-bottom\" data-layout=\"carousel\" data-autoplay=\"yes\" data-autoplayspeed=\"2500\" data-autoplaypause=\"no\" data-columns=\"1\" data-columnsmedium=\"1\" data-columnssmall=\"1\" data-itemmargin=\"0\" data-itemwidth=\"180\" data-touchscroll=\"no\" data-freemode=\"no\" data-imagesize=\"auto\" data-scrollitems=\"0\" data-centeredslides=\"no\" data-rotationangle=\"50\" data-depth=\"100\" data-speed=\"500\" data-shadow=\"no\" data-pagination=\"bullets\" style=\"--awb-columns:1;--awb-column-spacing:0px;--awb-border-width:1px;--awb-border-color:#e9eaee;\"><div class=\"swiper-wrapper awb-image-carousel-wrapper fusion-flex-align-items-center\"><div class=\"swiper-slide\"><div class=\"fusion-carousel-item-wrapper\"><div class=\"fusion-image-wrapper hover-type-none\"><a data-rel=\"iLightbox[image_carousel_2]\" data-title=\"vacas_01\" aria-label=\"vacas_01\" href=\"https:\/\/airasmoniz.com\/wp-content\/uploads\/2018\/06\/vacas_01-1.jpg\" target=\"_self\"><img decoding=\"async\" width=\"1024\" height=\"683\" src=\"https:\/\/airasmoniz.com\/wp-content\/uploads\/2018\/06\/vacas_01-1.jpg\" class=\"attachment-full size-full\" alt=\"\" srcset=\"https:\/\/airasmoniz.com\/wp-content\/uploads\/2018\/06\/vacas_01-1-200x133.jpg 200w, https:\/\/airasmoniz.com\/wp-content\/uploads\/2018\/06\/vacas_01-1-300x200.jpg 300w, https:\/\/airasmoniz.com\/wp-content\/uploads\/2018\/06\/vacas_01-1-400x267.jpg 400w, https:\/\/airasmoniz.com\/wp-content\/uploads\/2018\/06\/vacas_01-1-500x333.jpg 500w, https:\/\/airasmoniz.com\/wp-content\/uploads\/2018\/06\/vacas_01-1-600x400.jpg 600w, https:\/\/airasmoniz.com\/wp-content\/uploads\/2018\/06\/vacas_01-1-700x467.jpg 700w, https:\/\/airasmoniz.com\/wp-content\/uploads\/2018\/06\/vacas_01-1-768x512.jpg 768w, https:\/\/airasmoniz.com\/wp-content\/uploads\/2018\/06\/vacas_01-1-800x534.jpg 800w, https:\/\/airasmoniz.com\/wp-content\/uploads\/2018\/06\/vacas_01-1.jpg 1024w\" sizes=\"(max-width: 1024px) 100vw, 1024px\" \/><\/a><\/div><\/div><\/div><div class=\"swiper-slide\"><div class=\"fusion-carousel-item-wrapper\"><div class=\"fusion-image-wrapper hover-type-none\"><a data-rel=\"iLightbox[image_carousel_2]\" data-title=\"vacas_02\" aria-label=\"vacas_02\" href=\"https:\/\/airasmoniz.com\/wp-content\/uploads\/2018\/06\/vacas_02-1.jpg\" target=\"_self\"><img decoding=\"async\" width=\"1024\" height=\"683\" src=\"https:\/\/airasmoniz.com\/wp-content\/uploads\/2018\/06\/vacas_02-1.jpg\" class=\"attachment-full size-full\" alt=\"\" srcset=\"https:\/\/airasmoniz.com\/wp-content\/uploads\/2018\/06\/vacas_02-1-200x133.jpg 200w, https:\/\/airasmoniz.com\/wp-content\/uploads\/2018\/06\/vacas_02-1-300x200.jpg 300w, https:\/\/airasmoniz.com\/wp-content\/uploads\/2018\/06\/vacas_02-1-400x267.jpg 400w, https:\/\/airasmoniz.com\/wp-content\/uploads\/2018\/06\/vacas_02-1-500x333.jpg 500w, https:\/\/airasmoniz.com\/wp-content\/uploads\/2018\/06\/vacas_02-1-600x400.jpg 600w, https:\/\/airasmoniz.com\/wp-content\/uploads\/2018\/06\/vacas_02-1-700x467.jpg 700w, https:\/\/airasmoniz.com\/wp-content\/uploads\/2018\/06\/vacas_02-1-768x512.jpg 768w, https:\/\/airasmoniz.com\/wp-content\/uploads\/2018\/06\/vacas_02-1-800x534.jpg 800w, https:\/\/airasmoniz.com\/wp-content\/uploads\/2018\/06\/vacas_02-1.jpg 1024w\" sizes=\"(max-width: 1024px) 100vw, 1024px\" \/><\/a><\/div><\/div><\/div><div class=\"swiper-slide\"><div class=\"fusion-carousel-item-wrapper\"><div class=\"fusion-image-wrapper hover-type-none\"><a data-rel=\"iLightbox[image_carousel_2]\" data-title=\"vacas_03\" aria-label=\"vacas_03\" href=\"https:\/\/airasmoniz.com\/wp-content\/uploads\/2018\/06\/vacas_03-1.jpg\" target=\"_self\"><img decoding=\"async\" width=\"1024\" height=\"683\" src=\"https:\/\/airasmoniz.com\/wp-content\/uploads\/2018\/06\/vacas_03-1.jpg\" class=\"attachment-full size-full\" alt=\"\" srcset=\"https:\/\/airasmoniz.com\/wp-content\/uploads\/2018\/06\/vacas_03-1-200x133.jpg 200w, https:\/\/airasmoniz.com\/wp-content\/uploads\/2018\/06\/vacas_03-1-300x200.jpg 300w, https:\/\/airasmoniz.com\/wp-content\/uploads\/2018\/06\/vacas_03-1-400x267.jpg 400w, https:\/\/airasmoniz.com\/wp-content\/uploads\/2018\/06\/vacas_03-1-500x333.jpg 500w, https:\/\/airasmoniz.com\/wp-content\/uploads\/2018\/06\/vacas_03-1-600x400.jpg 600w, https:\/\/airasmoniz.com\/wp-content\/uploads\/2018\/06\/vacas_03-1-700x467.jpg 700w, https:\/\/airasmoniz.com\/wp-content\/uploads\/2018\/06\/vacas_03-1-768x512.jpg 768w, https:\/\/airasmoniz.com\/wp-content\/uploads\/2018\/06\/vacas_03-1-800x534.jpg 800w, https:\/\/airasmoniz.com\/wp-content\/uploads\/2018\/06\/vacas_03-1.jpg 1024w\" sizes=\"(max-width: 1024px) 100vw, 1024px\" \/><\/a><\/div><\/div><\/div><div class=\"swiper-slide\"><div class=\"fusion-carousel-item-wrapper\"><div class=\"fusion-image-wrapper hover-type-none\"><a data-rel=\"iLightbox[image_carousel_2]\" data-title=\"vacas_04\" aria-label=\"vacas_04\" href=\"https:\/\/airasmoniz.com\/wp-content\/uploads\/2018\/06\/vacas_04-1.jpg\" target=\"_self\"><img decoding=\"async\" width=\"1024\" height=\"683\" src=\"https:\/\/airasmoniz.com\/wp-content\/uploads\/2018\/06\/vacas_04-1.jpg\" class=\"attachment-full size-full\" alt=\"\" srcset=\"https:\/\/airasmoniz.com\/wp-content\/uploads\/2018\/06\/vacas_04-1-200x133.jpg 200w, https:\/\/airasmoniz.com\/wp-content\/uploads\/2018\/06\/vacas_04-1-300x200.jpg 300w, https:\/\/airasmoniz.com\/wp-content\/uploads\/2018\/06\/vacas_04-1-400x267.jpg 400w, https:\/\/airasmoniz.com\/wp-content\/uploads\/2018\/06\/vacas_04-1-500x333.jpg 500w, https:\/\/airasmoniz.com\/wp-content\/uploads\/2018\/06\/vacas_04-1-600x400.jpg 600w, https:\/\/airasmoniz.com\/wp-content\/uploads\/2018\/06\/vacas_04-1-700x467.jpg 700w, https:\/\/airasmoniz.com\/wp-content\/uploads\/2018\/06\/vacas_04-1-768x512.jpg 768w, https:\/\/airasmoniz.com\/wp-content\/uploads\/2018\/06\/vacas_04-1-800x534.jpg 800w, https:\/\/airasmoniz.com\/wp-content\/uploads\/2018\/06\/vacas_04-1.jpg 1024w\" sizes=\"(max-width: 1024px) 100vw, 1024px\" \/><\/a><\/div><\/div><\/div><div class=\"swiper-slide\"><div class=\"fusion-carousel-item-wrapper\"><div class=\"fusion-image-wrapper hover-type-none\"><a data-rel=\"iLightbox[image_carousel_2]\" data-title=\"vacas_05\" aria-label=\"vacas_05\" href=\"https:\/\/airasmoniz.com\/wp-content\/uploads\/2018\/06\/vacas_05.jpg\" target=\"_self\"><img decoding=\"async\" width=\"1024\" height=\"683\" src=\"https:\/\/airasmoniz.com\/wp-content\/uploads\/2018\/06\/vacas_05.jpg\" class=\"attachment-full size-full\" alt=\"\" srcset=\"https:\/\/airasmoniz.com\/wp-content\/uploads\/2018\/06\/vacas_05-200x133.jpg 200w, https:\/\/airasmoniz.com\/wp-content\/uploads\/2018\/06\/vacas_05-300x200.jpg 300w, https:\/\/airasmoniz.com\/wp-content\/uploads\/2018\/06\/vacas_05-400x267.jpg 400w, https:\/\/airasmoniz.com\/wp-content\/uploads\/2018\/06\/vacas_05-500x333.jpg 500w, https:\/\/airasmoniz.com\/wp-content\/uploads\/2018\/06\/vacas_05-600x400.jpg 600w, https:\/\/airasmoniz.com\/wp-content\/uploads\/2018\/06\/vacas_05-700x467.jpg 700w, https:\/\/airasmoniz.com\/wp-content\/uploads\/2018\/06\/vacas_05-768x512.jpg 768w, https:\/\/airasmoniz.com\/wp-content\/uploads\/2018\/06\/vacas_05-800x534.jpg 800w, https:\/\/airasmoniz.com\/wp-content\/uploads\/2018\/06\/vacas_05.jpg 1024w\" sizes=\"(max-width: 1024px) 100vw, 1024px\" \/><\/a><\/div><\/div><\/div><div class=\"swiper-slide\"><div class=\"fusion-carousel-item-wrapper\"><div class=\"fusion-image-wrapper hover-type-none\"><a data-rel=\"iLightbox[image_carousel_2]\" data-title=\"vacas_06\" aria-label=\"vacas_06\" href=\"https:\/\/airasmoniz.com\/wp-content\/uploads\/2018\/06\/vacas_06.jpg\" target=\"_self\"><img decoding=\"async\" width=\"1024\" height=\"683\" src=\"https:\/\/airasmoniz.com\/wp-content\/uploads\/2018\/06\/vacas_06.jpg\" class=\"attachment-full size-full\" alt=\"\" srcset=\"https:\/\/airasmoniz.com\/wp-content\/uploads\/2018\/06\/vacas_06-200x133.jpg 200w, https:\/\/airasmoniz.com\/wp-content\/uploads\/2018\/06\/vacas_06-300x200.jpg 300w, https:\/\/airasmoniz.com\/wp-content\/uploads\/2018\/06\/vacas_06-400x267.jpg 400w, https:\/\/airasmoniz.com\/wp-content\/uploads\/2018\/06\/vacas_06-500x333.jpg 500w, https:\/\/airasmoniz.com\/wp-content\/uploads\/2018\/06\/vacas_06-600x400.jpg 600w, https:\/\/airasmoniz.com\/wp-content\/uploads\/2018\/06\/vacas_06-700x467.jpg 700w, https:\/\/airasmoniz.com\/wp-content\/uploads\/2018\/06\/vacas_06-768x512.jpg 768w, https:\/\/airasmoniz.com\/wp-content\/uploads\/2018\/06\/vacas_06-800x534.jpg 800w, https:\/\/airasmoniz.com\/wp-content\/uploads\/2018\/06\/vacas_06.jpg 1024w\" sizes=\"(max-width: 1024px) 100vw, 1024px\" \/><\/a><\/div><\/div><\/div><\/div><div class=\"awb-swiper-button awb-swiper-button-prev\"><i class=\"awb-icon-angle-left\" aria-hidden=\"true\"><\/i><\/div><div class=\"awb-swiper-button awb-swiper-button-next\"><i class=\"awb-icon-angle-right\" aria-hidden=\"true\"><\/i><\/div><\/div><\/div><div class=\"fusion-clearfix\"><\/div><\/div><\/div><div class=\"fusion-layout-column fusion_builder_column fusion-builder-column-6 fusion_builder_column_3_5 3_5 fusion-three-fifth fusion-column-last\" style=\"--awb-bg-size:cover;width:58.4%;\"><div class=\"fusion-column-wrapper fusion-flex-column-wrapper-legacy\"><div class=\"fusion-text fusion-text-2\"><p class=\"tituloseccion\">VACAS RAZA JERSEY<\/p>\n<p class=\"textoseccion\">Raza vacuna de <span class=\"negrita\">pelo marr\u00f3n<\/span> y <span class=\"negrita\">muy d\u00f3cil<\/span> que se caracteriza por su <span class=\"negrita\">calidad de leche<\/span>, tanto en grasa como en prote\u00edna. <span class=\"negrita\">Es la de mayor producci\u00f3n de grasa y s\u00f3lidos no grasos en la leche<\/span> que destaca por su color amarillo.<\/p>\n<p class=\"textoseccion\">Puede llegar a pesar 450 kilos y cuenta con una producci\u00f3n diaria de leche de unos 14 kilos aproximadamente. Estas vacas fueron <span class=\"negrita\">nacidas especialmente para el pastoreo<\/span> del que se alimentan pr\u00e1cticamente todo el a\u00f1o, adem\u00e1s de hierba seca y cereales. Libre de ensilados.<\/p>\n<p class=\"textoseccion\"><span class=\"negrita\">As\u00ed es c\u00f3mo conseguimos una leche \u00fanica para elaborar nuestros quesos.<\/span>.<\/p>\n<\/div><div class=\"fusion-clearfix\"><\/div><\/div><\/div><div class=\"fusion-layout-column fusion_builder_column fusion-builder-column-7 fusion_builder_column_1_1 1_1 fusion-one-full fusion-column-first fusion-column-last\" style=\"--awb-bg-size:cover;--awb-margin-top:25px;\"><div class=\"fusion-column-wrapper fusion-flex-column-wrapper-legacy\"><div class=\"fusion-sep-clear\"><\/div><div class=\"fusion-separator fusion-full-width-sep\" style=\"margin-left: auto;margin-right: auto;margin-top:50px;margin-bottom:50px;width:100%;\"><\/div><div class=\"fusion-sep-clear\"><\/div><div class=\"fusion-clearfix\"><\/div><\/div><\/div><\/div><\/div><\/p>","protected":false},"excerpt":{"rendered":"","protected":false},"author":1,"featured_media":0,"parent":0,"menu_order":0,"comment_status":"closed","ping_status":"open","template":"100-width.php","meta":{"footnotes":""},"class_list":["post-1315","page","type-page","status-publish","hentry"],"yoast_head":"<!-- This site is optimized with the Yoast SEO plugin v27.3 - https:\/\/yoast.com\/product\/yoast-seo-wordpress\/ -->\n<title>VACAS EN PASTOREO - AIRAS MONIZ<\/title>\n<meta name=\"robots\" content=\"index, follow, max-snippet:-1, max-image-preview:large, max-video-preview:-1\" \/>\n<link rel=\"canonical\" href=\"https:\/\/airasmoniz.com\/vacas-pastoreo\/\" \/>\n<meta property=\"og:locale\" content=\"es_ES\" \/>\n<meta property=\"og:type\" content=\"article\" \/>\n<meta property=\"og:title\" content=\"VACAS EN PASTOREO - AIRAS MONIZ\" \/>\n<meta property=\"og:url\" content=\"https:\/\/airasmoniz.com\/vacas-pastoreo\/\" \/>\n<meta property=\"og:site_name\" content=\"AIRAS MONIZ\" \/>\n<meta property=\"article:modified_time\" content=\"2018-06-25T11:19:37+00:00\" \/>\n<meta name=\"twitter:card\" content=\"summary_large_image\" \/>\n<meta name=\"twitter:label1\" content=\"Tiempo de lectura\" \/>\n\t<meta name=\"twitter:data1\" content=\"7 minutos\" \/>\n<script type=\"application\/ld+json\" class=\"yoast-schema-graph\">{\"@context\":\"https:\\\/\\\/schema.org\",\"@graph\":[{\"@type\":\"WebPage\",\"@id\":\"https:\\\/\\\/airasmoniz.com\\\/vacas-pastoreo\\\/\",\"url\":\"https:\\\/\\\/airasmoniz.com\\\/vacas-pastoreo\\\/\",\"name\":\"VACAS EN PASTOREO - AIRAS MONIZ\",\"isPartOf\":{\"@id\":\"https:\\\/\\\/airasmoniz.com\\\/#website\"},\"datePublished\":\"2018-06-05T08:09:15+00:00\",\"dateModified\":\"2018-06-25T11:19:37+00:00\",\"breadcrumb\":{\"@id\":\"https:\\\/\\\/airasmoniz.com\\\/vacas-pastoreo\\\/#breadcrumb\"},\"inLanguage\":\"es\",\"potentialAction\":[{\"@type\":\"ReadAction\",\"target\":[\"https:\\\/\\\/airasmoniz.com\\\/vacas-pastoreo\\\/\"]}]},{\"@type\":\"BreadcrumbList\",\"@id\":\"https:\\\/\\\/airasmoniz.com\\\/vacas-pastoreo\\\/#breadcrumb\",\"itemListElement\":[{\"@type\":\"ListItem\",\"position\":1,\"name\":\"Inicio\",\"item\":\"https:\\\/\\\/airasmoniz.com\\\/\"},{\"@type\":\"ListItem\",\"position\":2,\"name\":\"VACAS EN PASTOREO\"}]},{\"@type\":\"WebSite\",\"@id\":\"https:\\\/\\\/airasmoniz.com\\\/#website\",\"url\":\"https:\\\/\\\/airasmoniz.com\\\/\",\"name\":\"AIRAS MONIZ\",\"description\":\"Queixos galegos\",\"potentialAction\":[{\"@type\":\"SearchAction\",\"target\":{\"@type\":\"EntryPoint\",\"urlTemplate\":\"https:\\\/\\\/airasmoniz.com\\\/?s={search_term_string}\"},\"query-input\":{\"@type\":\"PropertyValueSpecification\",\"valueRequired\":true,\"valueName\":\"search_term_string\"}}],\"inLanguage\":\"es\"}]}<\/script>\n<!-- \/ Yoast SEO plugin. -->","yoast_head_json":{"title":"VACAS EN PASTOREO - AIRAS MONIZ","robots":{"index":"index","follow":"follow","max-snippet":"max-snippet:-1","max-image-preview":"max-image-preview:large","max-video-preview":"max-video-preview:-1"},"canonical":"https:\/\/airasmoniz.com\/vacas-pastoreo\/","og_locale":"es_ES","og_type":"article","og_title":"VACAS EN PASTOREO - AIRAS MONIZ","og_url":"https:\/\/airasmoniz.com\/vacas-pastoreo\/","og_site_name":"AIRAS MONIZ","article_modified_time":"2018-06-25T11:19:37+00:00","twitter_card":"summary_large_image","twitter_misc":{"Tiempo de lectura":"7 minutos"},"schema":{"@context":"https:\/\/schema.org","@graph":[{"@type":"WebPage","@id":"https:\/\/airasmoniz.com\/vacas-pastoreo\/","url":"https:\/\/airasmoniz.com\/vacas-pastoreo\/","name":"VACAS EN PASTOREO - AIRAS MONIZ","isPartOf":{"@id":"https:\/\/airasmoniz.com\/#website"},"datePublished":"2018-06-05T08:09:15+00:00","dateModified":"2018-06-25T11:19:37+00:00","breadcrumb":{"@id":"https:\/\/airasmoniz.com\/vacas-pastoreo\/#breadcrumb"},"inLanguage":"es","potentialAction":[{"@type":"ReadAction","target":["https:\/\/airasmoniz.com\/vacas-pastoreo\/"]}]},{"@type":"BreadcrumbList","@id":"https:\/\/airasmoniz.com\/vacas-pastoreo\/#breadcrumb","itemListElement":[{"@type":"ListItem","position":1,"name":"Inicio","item":"https:\/\/airasmoniz.com\/"},{"@type":"ListItem","position":2,"name":"VACAS EN PASTOREO"}]},{"@type":"WebSite","@id":"https:\/\/airasmoniz.com\/#website","url":"https:\/\/airasmoniz.com\/","name":"AIRAS MONIZ","description":"Queixos galegos","potentialAction":[{"@type":"SearchAction","target":{"@type":"EntryPoint","urlTemplate":"https:\/\/airasmoniz.com\/?s={search_term_string}"},"query-input":{"@type":"PropertyValueSpecification","valueRequired":true,"valueName":"search_term_string"}}],"inLanguage":"es"}]}},"_links":{"self":[{"href":"https:\/\/airasmoniz.com\/es\/wp-json\/wp\/v2\/pages\/1315","targetHints":{"allow":["GET"]}}],"collection":[{"href":"https:\/\/airasmoniz.com\/es\/wp-json\/wp\/v2\/pages"}],"about":[{"href":"https:\/\/airasmoniz.com\/es\/wp-json\/wp\/v2\/types\/page"}],"author":[{"embeddable":true,"href":"https:\/\/airasmoniz.com\/es\/wp-json\/wp\/v2\/users\/1"}],"replies":[{"embeddable":true,"href":"https:\/\/airasmoniz.com\/es\/wp-json\/wp\/v2\/comments?post=1315"}],"version-history":[{"count":19,"href":"https:\/\/airasmoniz.com\/es\/wp-json\/wp\/v2\/pages\/1315\/revisions"}],"predecessor-version":[{"id":1915,"href":"https:\/\/airasmoniz.com\/es\/wp-json\/wp\/v2\/pages\/1315\/revisions\/1915"}],"wp:attachment":[{"href":"https:\/\/airasmoniz.com\/es\/wp-json\/wp\/v2\/media?parent=1315"}],"curies":[{"name":"wp","href":"https:\/\/api.w.org\/{rel}","templated":true}]}}