{"id":2121,"date":"2024-06-26T11:05:35","date_gmt":"2024-06-26T09:05:35","guid":{"rendered":"https:\/\/airasmoniz.com\/?post_type=product&#038;p=2121"},"modified":"2026-04-17T11:35:44","modified_gmt":"2026-04-17T09:35:44","slug":"visita-guiada-queseria","status":"publish","type":"product","link":"https:\/\/airasmoniz.com\/es\/product\/visita-guiada-queseria\/","title":{"rendered":"Visita Guiada"},"content":{"rendered":"<p><span dir=\"auto\" style=\"vertical-align: inherit;\"><span dir=\"auto\" style=\"vertical-align: inherit;\">Visitaremos una queser\u00eda diferente, muy conocida a pesar de su juventud (nacida en 2017), no solo en la Ribeira Sacra, sino tambi\u00e9n en Espa\u00f1a: ganado propio, vacas de raza Jersey, pastores, leche cruda y c\u00e1maras de maduraci\u00f3n de piedra, ladrillo y madera. <\/span><\/span><br \/>\n<span dir=\"auto\" style=\"vertical-align: inherit;\"><span dir=\"auto\" style=\"vertical-align: inherit;\">En sus instalaciones podremos conocer de primera mano los diferentes procesos de elaboraci\u00f3n de cada queso y mantequilla.<\/span><\/span><\/p>\n<p><span dir=\"auto\" style=\"vertical-align: inherit;\"><span dir=\"auto\" style=\"vertical-align: inherit;\">Tienen tres tipos de queso completamente distintos con caracter\u00edsticas muy distintas. Masa blanda:\u00a0 <\/span><\/span><strong><span dir=\"auto\" style=\"vertical-align: inherit;\"><span dir=\"auto\" style=\"vertical-align: inherit;\">Tierra<\/span><\/span><\/strong><span dir=\"auto\" style=\"vertical-align: inherit;\"><span dir=\"auto\" style=\"vertical-align: inherit;\"> . Pasta azul\u00a0<\/span><\/span><strong><span dir=\"auto\" style=\"vertical-align: inherit;\"><span dir=\"auto\" style=\"vertical-align: inherit;\">Savel<\/span><\/span><\/strong><span dir=\"auto\" style=\"vertical-align: inherit;\"><span dir=\"auto\" style=\"vertical-align: inherit;\"> . Pasta semicocida\u00a0<\/span><\/span><strong><span dir=\"auto\" style=\"vertical-align: inherit;\"><span dir=\"auto\" style=\"vertical-align: inherit;\">Cithara<\/span><\/span><\/strong><span dir=\"auto\" style=\"vertical-align: inherit;\"><span dir=\"auto\" style=\"vertical-align: inherit;\"> \u00a0y\u00a0 mantequilla <\/span><\/span><strong><span dir=\"auto\" style=\"vertical-align: inherit;\"><span dir=\"auto\" style=\"vertical-align: inherit;\">Chantada<\/span><\/span><\/strong><span dir=\"auto\" style=\"vertical-align: inherit;\"><span dir=\"auto\" style=\"vertical-align: inherit;\"> .<\/span><\/span><\/p>\n<p><span dir=\"auto\" style=\"vertical-align: inherit;\"><span dir=\"auto\" style=\"vertical-align: inherit;\">Premiado tanto por su modelo de sostenibilidad como por:<\/span><\/span><\/p>\n<ul>\n<li><span dir=\"auto\" style=\"vertical-align: inherit;\"><span dir=\"auto\" style=\"vertical-align: inherit;\">Premio Compromiso con la Tierra otorgado por Gastroactitud<\/span><\/span><\/li>\n<li><span dir=\"auto\" style=\"vertical-align: inherit;\"><span dir=\"auto\" style=\"vertical-align: inherit;\">Premio Comer da Vanguardia al proyecto sostenible<\/span><\/span><\/li>\n<li><span dir=\"auto\" style=\"vertical-align: inherit;\"><span dir=\"auto\" style=\"vertical-align: inherit;\">Premio de Gastronom\u00eda de Galicia<\/span><\/span><\/li>\n<li><span dir=\"auto\" style=\"vertical-align: inherit;\"><span dir=\"auto\" style=\"vertical-align: inherit;\">Premio de la cr\u00edtica<\/span><\/span><\/li>\n<li><span dir=\"auto\" style=\"vertical-align: inherit;\"><span dir=\"auto\" style=\"vertical-align: inherit;\">Diploma Licencia de uso de la marca Artesan\u00eda Alimentaria<\/span><\/span><\/li>\n<\/ul>\n<p><strong><span dir=\"auto\" style=\"vertical-align: inherit;\"><span dir=\"auto\" style=\"vertical-align: inherit;\">TIERRA<\/span><\/span><\/strong><\/p>\n<ul>\n<li><span dir=\"auto\" style=\"vertical-align: inherit;\"><span dir=\"auto\" style=\"vertical-align: inherit;\">Medalla de bronce en el Campeonato de Espa\u00f1a 2021<\/span><\/span><\/li>\n<li><span dir=\"auto\" style=\"vertical-align: inherit;\"><span dir=\"auto\" style=\"vertical-align: inherit;\">Medalla de bronce en el Campeonato de Espa\u00f1a 2022<\/span><\/span><\/li>\n<\/ul>\n<p><strong><span dir=\"auto\" style=\"vertical-align: inherit;\"><span dir=\"auto\" style=\"vertical-align: inherit;\">SALVAR<\/span><\/span><\/strong><\/p>\n<ul>\n<li><span dir=\"auto\" style=\"vertical-align: inherit;\"><span dir=\"auto\" style=\"vertical-align: inherit;\">Medalla de oro en los a\u00f1os 2019-2020-2021 y 2022<\/span><\/span><\/li>\n<li><span dir=\"auto\" style=\"vertical-align: inherit;\"><span dir=\"auto\" style=\"vertical-align: inherit;\">Campe\u00f3n Absoluto del Queso en el Sal\u00f3n de los Gourmets en los a\u00f1os 2020-2021<\/span><\/span><\/li>\n<li><span dir=\"auto\" style=\"vertical-align: inherit;\"><span dir=\"auto\" style=\"vertical-align: inherit;\">Premio de Alimentaci\u00f3n Espa\u00f1ola.<\/span><\/span><\/li>\n<li><span dir=\"auto\" style=\"vertical-align: inherit;\"><span dir=\"auto\" style=\"vertical-align: inherit;\">Superoro en los World Cheese Awards de 2021<\/span><\/span><\/li>\n<\/ul>\n<p><span dir=\"auto\" style=\"vertical-align: inherit;\"><span dir=\"auto\" style=\"vertical-align: inherit;\">M\u00e1s tarde, visitaremos la sala de producci\u00f3n, la queser\u00eda y las salas de maduraci\u00f3n. <\/span><\/span><br \/>\n<span dir=\"auto\" style=\"vertical-align: inherit;\"><span dir=\"auto\" style=\"vertical-align: inherit;\">Degustaremos los tres quesos que elaboran, as\u00ed como su mantequilla, donde descubrir\u00e1n las diferencias entre ellos, sus distintos sabores y matices. Los degustaremos con un vino de Ribeira Sacra.<\/span><\/span><\/p>\n<p><span dir=\"auto\" style=\"vertical-align: inherit;\"><span dir=\"auto\" style=\"vertical-align: inherit;\">Y por \u00faltimo visitaremos los animales, esas preciosas vacas Jersey empezando por los peques de la familia que podremos acariciar, as\u00ed como las praderas donde pastan que son las que nos dan esta materia prima de gran calidad y exquisitez para elaborar las diferentes elaboraciones.<\/span><\/span><\/p>","protected":false},"excerpt":{"rendered":"<ul>\n<li><span dir=\"auto\" style=\"vertical-align: inherit;\"><span dir=\"auto\" style=\"vertical-align: inherit;\">Horario: 11.00h de lunes a viernes. S\u00e1bados, domingos y festivos 11:30h<\/span><\/span><\/li>\n<li><span dir=\"auto\" style=\"vertical-align: inherit;\"><span dir=\"auto\" style=\"vertical-align: inherit;\">Duraci\u00f3n aprox. 2 horas (con degustaci\u00f3n)<\/span><\/span><\/li>\n<li><span dir=\"auto\" style=\"vertical-align: inherit;\"><span dir=\"auto\" style=\"vertical-align: inherit;\">Duraci\u00f3n aprox. 1 hora y 30 minutos (sin degustaci\u00f3n)<\/span><\/span><\/li>\n<li><span dir=\"auto\" style=\"vertical-align: inherit;\"><span dir=\"auto\" style=\"vertical-align: inherit;\">Para grupos de m\u00e1s de 10 personas contactar en el 621201478 o en visitas@airasmoniz.com<\/span><\/span><\/li>\n<li><span dir=\"auto\" style=\"vertical-align: inherit;\"><span dir=\"auto\" style=\"vertical-align: inherit;\">Ni\u00f1os: hasta 10 a\u00f1os gratis<\/span><\/span><\/li>\n<\/ul>\n","protected":false},"featured_media":2124,"template":"","meta":[],"product_brand":[],"product_cat":[15],"product_tag":[],"class_list":{"0":"post-2121","1":"product","2":"type-product","3":"status-publish","4":"has-post-thumbnail","6":"product_cat-visitas","8":"first","9":"instock","10":"sold-individually","11":"purchasable","12":"product-type-booking"},"yoast_head":"<!-- This site is optimized with the Yoast SEO plugin v27.3 - https:\/\/yoast.com\/product\/yoast-seo-wordpress\/ -->\n<title>Visita Guiada - AIRAS MONIZ<\/title>\n<meta name=\"robots\" content=\"noindex, nofollow\" \/>\n<meta property=\"og:locale\" content=\"es_ES\" \/>\n<meta property=\"og:type\" content=\"article\" \/>\n<meta property=\"og:title\" content=\"Visita Guiada - AIRAS MONIZ\" \/>\n<meta property=\"og:description\" content=\"[:gl]  Horario: 11.00h de luns a venres. S\u00e1bados, domingos e festivos 11:30h  Duraci\u00f3n aprox. 2 horas (con cata)  Duraci\u00f3n aprox. 1h 30 minutos (sen cata)  Para grupos de m\u00e1is de 10 persoas consultar ao 621201478 ou visitas@airasmoniz.com  Nenos: ata 10 anos gratis [:es]  Horario: 11.00h de lunes a viernes. S\u00e1bados, domingos y festivos 11:30h  Duraci\u00f3n aprox. 2 horas (con degustaci\u00f3n)  Duraci\u00f3n aprox. 1 hora y 30 minutos (sin degustaci\u00f3n)  Para grupos de m\u00e1s de 10 personas contactar en el 621201478 o en visitas@airasmoniz.com  Ni\u00f1os: hasta 10 a\u00f1os gratis [:]\" \/>\n<meta property=\"og:url\" content=\"https:\/\/airasmoniz.com\/product\/visita-guiada-queseria\/\" \/>\n<meta property=\"og:site_name\" content=\"AIRAS MONIZ\" \/>\n<meta property=\"article:modified_time\" content=\"2026-04-17T09:35:44+00:00\" \/>\n<meta property=\"og:image\" content=\"https:\/\/airasmoniz.com\/wp-content\/uploads\/2024\/06\/queseria.jpg\" \/>\n\t<meta property=\"og:image:width\" content=\"800\" \/>\n\t<meta property=\"og:image:height\" content=\"533\" \/>\n\t<meta property=\"og:image:type\" content=\"image\/jpeg\" \/>\n<meta name=\"twitter:card\" content=\"summary_large_image\" \/>\n<meta name=\"twitter:label1\" content=\"Tiempo de lectura\" \/>\n\t<meta name=\"twitter:data1\" content=\"2 minutos\" \/>\n<script type=\"application\/ld+json\" class=\"yoast-schema-graph\">{\"@context\":\"https:\\\/\\\/schema.org\",\"@graph\":[{\"@type\":\"WebPage\",\"@id\":\"https:\\\/\\\/airasmoniz.com\\\/product\\\/visita-guiada-queseria\\\/\",\"url\":\"https:\\\/\\\/airasmoniz.com\\\/product\\\/visita-guiada-queseria\\\/\",\"name\":\"Visita Guiada - AIRAS MONIZ\",\"isPartOf\":{\"@id\":\"https:\\\/\\\/airasmoniz.com\\\/#website\"},\"primaryImageOfPage\":{\"@id\":\"https:\\\/\\\/airasmoniz.com\\\/product\\\/visita-guiada-queseria\\\/#primaryimage\"},\"image\":{\"@id\":\"https:\\\/\\\/airasmoniz.com\\\/product\\\/visita-guiada-queseria\\\/#primaryimage\"},\"thumbnailUrl\":\"https:\\\/\\\/airasmoniz.com\\\/wp-content\\\/uploads\\\/2024\\\/06\\\/queseria.jpg\",\"datePublished\":\"2024-06-26T09:05:35+00:00\",\"dateModified\":\"2026-04-17T09:35:44+00:00\",\"breadcrumb\":{\"@id\":\"https:\\\/\\\/airasmoniz.com\\\/product\\\/visita-guiada-queseria\\\/#breadcrumb\"},\"inLanguage\":\"es\",\"potentialAction\":[{\"@type\":\"ReadAction\",\"target\":[\"https:\\\/\\\/airasmoniz.com\\\/product\\\/visita-guiada-queseria\\\/\"]}]},{\"@type\":\"ImageObject\",\"inLanguage\":\"es\",\"@id\":\"https:\\\/\\\/airasmoniz.com\\\/product\\\/visita-guiada-queseria\\\/#primaryimage\",\"url\":\"https:\\\/\\\/airasmoniz.com\\\/wp-content\\\/uploads\\\/2024\\\/06\\\/queseria.jpg\",\"contentUrl\":\"https:\\\/\\\/airasmoniz.com\\\/wp-content\\\/uploads\\\/2024\\\/06\\\/queseria.jpg\",\"width\":800,\"height\":533},{\"@type\":\"BreadcrumbList\",\"@id\":\"https:\\\/\\\/airasmoniz.com\\\/product\\\/visita-guiada-queseria\\\/#breadcrumb\",\"itemListElement\":[{\"@type\":\"ListItem\",\"position\":1,\"name\":\"Inicio\",\"item\":\"https:\\\/\\\/airasmoniz.com\\\/\"},{\"@type\":\"ListItem\",\"position\":2,\"name\":\"Produtos\",\"item\":\"https:\\\/\\\/airasmoniz.com\\\/shop\\\/\"},{\"@type\":\"ListItem\",\"position\":3,\"name\":\"Visita Guiada\"}]},{\"@type\":\"WebSite\",\"@id\":\"https:\\\/\\\/airasmoniz.com\\\/#website\",\"url\":\"https:\\\/\\\/airasmoniz.com\\\/\",\"name\":\"AIRAS MONIZ\",\"description\":\"Queixos galegos\",\"potentialAction\":[{\"@type\":\"SearchAction\",\"target\":{\"@type\":\"EntryPoint\",\"urlTemplate\":\"https:\\\/\\\/airasmoniz.com\\\/?s={search_term_string}\"},\"query-input\":{\"@type\":\"PropertyValueSpecification\",\"valueRequired\":true,\"valueName\":\"search_term_string\"}}],\"inLanguage\":\"es\"}]}<\/script>\n<!-- \/ Yoast SEO plugin. -->","yoast_head_json":{"title":"Visita Guiada - AIRAS MONIZ","robots":{"index":"noindex","follow":"nofollow"},"og_locale":"es_ES","og_type":"article","og_title":"Visita Guiada - AIRAS MONIZ","og_description":"[:gl]  Horario: 11.00h de luns a venres. S\u00e1bados, domingos e festivos 11:30h  Duraci\u00f3n aprox. 2 horas (con cata)  Duraci\u00f3n aprox. 1h 30 minutos (sen cata)  Para grupos de m\u00e1is de 10 persoas consultar ao 621201478 ou visitas@airasmoniz.com  Nenos: ata 10 anos gratis [:es]  Horario: 11.00h de lunes a viernes. S\u00e1bados, domingos y festivos 11:30h  Duraci\u00f3n aprox. 2 horas (con degustaci\u00f3n)  Duraci\u00f3n aprox. 1 hora y 30 minutos (sin degustaci\u00f3n)  Para grupos de m\u00e1s de 10 personas contactar en el 621201478 o en visitas@airasmoniz.com  Ni\u00f1os: hasta 10 a\u00f1os gratis [:]","og_url":"https:\/\/airasmoniz.com\/product\/visita-guiada-queseria\/","og_site_name":"AIRAS MONIZ","article_modified_time":"2026-04-17T09:35:44+00:00","og_image":[{"width":800,"height":533,"url":"https:\/\/airasmoniz.com\/wp-content\/uploads\/2024\/06\/queseria.jpg","type":"image\/jpeg"}],"twitter_card":"summary_large_image","twitter_misc":{"Tiempo de lectura":"2 minutos"},"schema":{"@context":"https:\/\/schema.org","@graph":[{"@type":"WebPage","@id":"https:\/\/airasmoniz.com\/product\/visita-guiada-queseria\/","url":"https:\/\/airasmoniz.com\/product\/visita-guiada-queseria\/","name":"Visita Guiada - AIRAS MONIZ","isPartOf":{"@id":"https:\/\/airasmoniz.com\/#website"},"primaryImageOfPage":{"@id":"https:\/\/airasmoniz.com\/product\/visita-guiada-queseria\/#primaryimage"},"image":{"@id":"https:\/\/airasmoniz.com\/product\/visita-guiada-queseria\/#primaryimage"},"thumbnailUrl":"https:\/\/airasmoniz.com\/wp-content\/uploads\/2024\/06\/queseria.jpg","datePublished":"2024-06-26T09:05:35+00:00","dateModified":"2026-04-17T09:35:44+00:00","breadcrumb":{"@id":"https:\/\/airasmoniz.com\/product\/visita-guiada-queseria\/#breadcrumb"},"inLanguage":"es","potentialAction":[{"@type":"ReadAction","target":["https:\/\/airasmoniz.com\/product\/visita-guiada-queseria\/"]}]},{"@type":"ImageObject","inLanguage":"es","@id":"https:\/\/airasmoniz.com\/product\/visita-guiada-queseria\/#primaryimage","url":"https:\/\/airasmoniz.com\/wp-content\/uploads\/2024\/06\/queseria.jpg","contentUrl":"https:\/\/airasmoniz.com\/wp-content\/uploads\/2024\/06\/queseria.jpg","width":800,"height":533},{"@type":"BreadcrumbList","@id":"https:\/\/airasmoniz.com\/product\/visita-guiada-queseria\/#breadcrumb","itemListElement":[{"@type":"ListItem","position":1,"name":"Inicio","item":"https:\/\/airasmoniz.com\/"},{"@type":"ListItem","position":2,"name":"Produtos","item":"https:\/\/airasmoniz.com\/shop\/"},{"@type":"ListItem","position":3,"name":"Visita Guiada"}]},{"@type":"WebSite","@id":"https:\/\/airasmoniz.com\/#website","url":"https:\/\/airasmoniz.com\/","name":"AIRAS MONIZ","description":"Queixos galegos","potentialAction":[{"@type":"SearchAction","target":{"@type":"EntryPoint","urlTemplate":"https:\/\/airasmoniz.com\/?s={search_term_string}"},"query-input":{"@type":"PropertyValueSpecification","valueRequired":true,"valueName":"search_term_string"}}],"inLanguage":"es"}]}},"_links":{"self":[{"href":"https:\/\/airasmoniz.com\/es\/wp-json\/wp\/v2\/product\/2121","targetHints":{"allow":["GET"]}}],"collection":[{"href":"https:\/\/airasmoniz.com\/es\/wp-json\/wp\/v2\/product"}],"about":[{"href":"https:\/\/airasmoniz.com\/es\/wp-json\/wp\/v2\/types\/product"}],"wp:featuredmedia":[{"embeddable":true,"href":"https:\/\/airasmoniz.com\/es\/wp-json\/wp\/v2\/media\/2124"}],"wp:attachment":[{"href":"https:\/\/airasmoniz.com\/es\/wp-json\/wp\/v2\/media?parent=2121"}],"wp:term":[{"taxonomy":"product_brand","embeddable":true,"href":"https:\/\/airasmoniz.com\/es\/wp-json\/wp\/v2\/product_brand?post=2121"},{"taxonomy":"product_cat","embeddable":true,"href":"https:\/\/airasmoniz.com\/es\/wp-json\/wp\/v2\/product_cat?post=2121"},{"taxonomy":"product_tag","embeddable":true,"href":"https:\/\/airasmoniz.com\/es\/wp-json\/wp\/v2\/product_tag?post=2121"}],"curies":[{"name":"wp","href":"https:\/\/api.w.org\/{rel}","templated":true}]}}