{"id":2150,"date":"2024-06-26T13:29:31","date_gmt":"2024-06-26T11:29:31","guid":{"rendered":"https:\/\/airasmoniz.com\/?post_type=product&#038;p=2150"},"modified":"2026-03-25T15:12:34","modified_gmt":"2026-03-25T14:12:34","slug":"bono-regalo-visita-guiada","status":"publish","type":"product","link":"https:\/\/airasmoniz.com\/es\/product\/bono-regalo-visita-guiada\/","title":{"rendered":"Bono Regalo"},"content":{"rendered":"<p>Visitaremos una queser\u00eda diferente, muy reconocida pese a su juventud (nacida en el a\u00f1o 2017) no s\u00f3lo en Ribeira Sacra sino tambi\u00e9n en Espa\u00f1a: ganader\u00eda propia, vaca de raza jersey, pastorero, leche cruda y c\u00e1maras de maduraci\u00f3n de piedra, ladrillo y madera.<br \/>\nEn sus instalaciones podremos conocer de primera mano los diferentes procesos de elaboraci\u00f3n de cada queso y de la mantequilla.<\/p>\n<p>Disponen de tres tipos de quesos totalmente distintos y con caracter\u00edsticas muy diferentes. Pasta blanda:<strong>TERRA<\/strong>. Pasta azul\u00a0<strong>SAVEL<\/strong>. Pasta semicocida\u00a0<strong>CITHARA<\/strong>\u00a0y mantequilla\u00a0<strong>CHANTADA<\/strong>.<br \/>\nPremiada tanto por su modelo de sostenibilidad:<\/p>\n<ul>\n<li>Premio Compromiso con la Tierra otorgado por Gastroactitud<\/li>\n<li>Premio Comer de la Vanguardia al proyecto sostenible<\/li>\n<li>Premio de Gastronom\u00eda de Galicia<\/li>\n<li>Premio de la Cr\u00edtica<\/li>\n<\/ul>\n<ul>\n<li>Diploma Licencia de uso de la marca de Artesan\u00eda Alimentaria<\/li>\n<\/ul>\n<p>Adem\u00e1s de premios a sus productos:<\/p>\n<p><strong>TERRA<\/strong><\/p>\n<ul>\n<li>Medalla de bronce en el Campeonato de Espa\u00f1a 2021<\/li>\n<li>Medalla de bronce en el Campeonato de Espa\u00f1a 2022<\/li>\n<\/ul>\n<p><strong>SAVEL<\/strong><\/p>\n<ul>\n<li>Medalla de oro los a\u00f1os 2019-2020-2021 e 2022<\/li>\n<li>Campe\u00f3n Absoluto de Quesos de Sal\u00f3n Gourmets los a\u00f1os 2020-2021<\/li>\n<li>Premio Alimentos de Espa\u00f1a<\/li>\n<li>Supergold en el World Cheese Awars en el a\u00f1o \u00a02021<\/li>\n<\/ul>\n<p>Posteriormente visitaremos la sala de elaboraci\u00f3n, c\u00e1mara de oreo y c\u00e1maras de maduraci\u00f3n.<br \/>\nDegustaremos los 3 quesos que elaboran, as\u00ed como su mantequilla donde descubrir\u00e1n las diferencias existentes entre ellos, sabores y matices diferentes. Se degustar\u00e1n con vino de Ribeira Sacra.<br \/>\nY para finalizar visitaremos los animales, esas preciosas vacas Jersey comenzando por las peque\u00f1as de la familia a las que se podr\u00e1n acariciar, as\u00ed como los prados donde pastorean que son las que nos dan esta materia prima de gran calidad y exquisita para realizar las distintas elaboraciones.<\/p>","protected":false},"excerpt":{"rendered":"<ul>\n<li>Horario: 11.00h de lunes a viernes. S\u00e1bados, domingos y festivos 11.30h<\/li>\n<li>Duraci\u00f3n aprox. 2 horas (con cata)<\/li>\n<li>Duraci\u00f3n aprox. 1h y 30 minutos (sin cata)<\/li>\n<li>Para grupos de m\u00e1s de 10 personas consultar al 621201478 o visitas@airasmoniz.com<\/li>\n<li>Ni\u00f1os de hasta 10 a\u00f1os gratis<\/li>\n<\/ul>\n","protected":false},"featured_media":2323,"template":"","meta":[],"product_brand":[],"product_cat":[39],"product_tag":[],"class_list":{"0":"post-2150","1":"product","2":"type-product","3":"status-publish","4":"has-post-thumbnail","6":"product_cat-wps_wgm_giftcard-2","8":"first","9":"instock","10":"shipping-taxable","11":"purchasable","12":"product-type-wgm_gift_card"},"yoast_head":"<!-- This site is optimized with the Yoast SEO plugin v27.3 - https:\/\/yoast.com\/product\/yoast-seo-wordpress\/ -->\n<title>Bono Regalo - AIRAS MONIZ<\/title>\n<meta name=\"robots\" content=\"noindex, nofollow\" \/>\n<meta property=\"og:locale\" content=\"es_ES\" \/>\n<meta property=\"og:type\" content=\"article\" \/>\n<meta property=\"og:title\" content=\"Bono Regalo - AIRAS MONIZ\" \/>\n<meta property=\"og:description\" content=\"[:gl]  Horario: 11.00 de luns a venres. S\u00e1bados, domingos e festivos 11.30h  Duraci\u00f3n aprox. 2 horas (con cata)  Duraci\u00f3n aprox. 1h 30 minutos (sen cata)  Para grupos de m\u00e1is de 10 persoas consultar ao 621201478 ou visitas@airasmoniz.com  Nenos de ata 10 a\u00f1os gratis [:es]  Horario: 11.00h de lunes a viernes. S\u00e1bados, domingos y festivos 11.30h  Duraci\u00f3n aprox. 2 horas (con cata)  Duraci\u00f3n aprox. 1h y 30 minutos (sin cata)  Para grupos de m\u00e1s de 10 personas consultar al 621201478 o visitas@airasmoniz.com  Ni\u00f1os de hasta 10 a\u00f1os gratis [:]\" \/>\n<meta property=\"og:url\" content=\"https:\/\/airasmoniz.com\/product\/bono-regalo-visita-guiada\/\" \/>\n<meta property=\"og:site_name\" content=\"AIRAS MONIZ\" \/>\n<meta property=\"article:modified_time\" content=\"2026-03-25T14:12:34+00:00\" \/>\n<meta property=\"og:image\" content=\"https:\/\/airasmoniz.com\/wp-content\/uploads\/2025\/12\/AIRAS-MONIZ-144-BAJAT_2.jpg\" \/>\n\t<meta property=\"og:image:width\" content=\"581\" \/>\n\t<meta property=\"og:image:height\" content=\"420\" \/>\n\t<meta property=\"og:image:type\" content=\"image\/jpeg\" \/>\n<meta name=\"twitter:card\" content=\"summary_large_image\" \/>\n<meta name=\"twitter:label1\" content=\"Tiempo de lectura\" \/>\n\t<meta name=\"twitter:data1\" content=\"2 minutos\" \/>\n<script type=\"application\/ld+json\" class=\"yoast-schema-graph\">{\"@context\":\"https:\\\/\\\/schema.org\",\"@graph\":[{\"@type\":\"WebPage\",\"@id\":\"https:\\\/\\\/airasmoniz.com\\\/product\\\/bono-regalo-visita-guiada\\\/\",\"url\":\"https:\\\/\\\/airasmoniz.com\\\/product\\\/bono-regalo-visita-guiada\\\/\",\"name\":\"Bono Regalo - AIRAS MONIZ\",\"isPartOf\":{\"@id\":\"https:\\\/\\\/airasmoniz.com\\\/#website\"},\"primaryImageOfPage\":{\"@id\":\"https:\\\/\\\/airasmoniz.com\\\/product\\\/bono-regalo-visita-guiada\\\/#primaryimage\"},\"image\":{\"@id\":\"https:\\\/\\\/airasmoniz.com\\\/product\\\/bono-regalo-visita-guiada\\\/#primaryimage\"},\"thumbnailUrl\":\"https:\\\/\\\/airasmoniz.com\\\/wp-content\\\/uploads\\\/2025\\\/12\\\/AIRAS-MONIZ-144-BAJAT_2.jpg\",\"datePublished\":\"2024-06-26T11:29:31+00:00\",\"dateModified\":\"2026-03-25T14:12:34+00:00\",\"breadcrumb\":{\"@id\":\"https:\\\/\\\/airasmoniz.com\\\/product\\\/bono-regalo-visita-guiada\\\/#breadcrumb\"},\"inLanguage\":\"es\",\"potentialAction\":[{\"@type\":\"ReadAction\",\"target\":[\"https:\\\/\\\/airasmoniz.com\\\/product\\\/bono-regalo-visita-guiada\\\/\"]}]},{\"@type\":\"ImageObject\",\"inLanguage\":\"es\",\"@id\":\"https:\\\/\\\/airasmoniz.com\\\/product\\\/bono-regalo-visita-guiada\\\/#primaryimage\",\"url\":\"https:\\\/\\\/airasmoniz.com\\\/wp-content\\\/uploads\\\/2025\\\/12\\\/AIRAS-MONIZ-144-BAJAT_2.jpg\",\"contentUrl\":\"https:\\\/\\\/airasmoniz.com\\\/wp-content\\\/uploads\\\/2025\\\/12\\\/AIRAS-MONIZ-144-BAJAT_2.jpg\",\"width\":581,\"height\":420},{\"@type\":\"BreadcrumbList\",\"@id\":\"https:\\\/\\\/airasmoniz.com\\\/product\\\/bono-regalo-visita-guiada\\\/#breadcrumb\",\"itemListElement\":[{\"@type\":\"ListItem\",\"position\":1,\"name\":\"Inicio\",\"item\":\"https:\\\/\\\/airasmoniz.com\\\/\"},{\"@type\":\"ListItem\",\"position\":2,\"name\":\"Produtos\",\"item\":\"https:\\\/\\\/airasmoniz.com\\\/shop\\\/\"},{\"@type\":\"ListItem\",\"position\":3,\"name\":\"Bono Regalo\"}]},{\"@type\":\"WebSite\",\"@id\":\"https:\\\/\\\/airasmoniz.com\\\/#website\",\"url\":\"https:\\\/\\\/airasmoniz.com\\\/\",\"name\":\"AIRAS MONIZ\",\"description\":\"Queixos galegos\",\"potentialAction\":[{\"@type\":\"SearchAction\",\"target\":{\"@type\":\"EntryPoint\",\"urlTemplate\":\"https:\\\/\\\/airasmoniz.com\\\/?s={search_term_string}\"},\"query-input\":{\"@type\":\"PropertyValueSpecification\",\"valueRequired\":true,\"valueName\":\"search_term_string\"}}],\"inLanguage\":\"es\"}]}<\/script>\n<!-- \/ Yoast SEO plugin. -->","yoast_head_json":{"title":"Bono Regalo - AIRAS MONIZ","robots":{"index":"noindex","follow":"nofollow"},"og_locale":"es_ES","og_type":"article","og_title":"Bono Regalo - AIRAS MONIZ","og_description":"[:gl]  Horario: 11.00 de luns a venres. S\u00e1bados, domingos e festivos 11.30h  Duraci\u00f3n aprox. 2 horas (con cata)  Duraci\u00f3n aprox. 1h 30 minutos (sen cata)  Para grupos de m\u00e1is de 10 persoas consultar ao 621201478 ou visitas@airasmoniz.com  Nenos de ata 10 a\u00f1os gratis [:es]  Horario: 11.00h de lunes a viernes. S\u00e1bados, domingos y festivos 11.30h  Duraci\u00f3n aprox. 2 horas (con cata)  Duraci\u00f3n aprox. 1h y 30 minutos (sin cata)  Para grupos de m\u00e1s de 10 personas consultar al 621201478 o visitas@airasmoniz.com  Ni\u00f1os de hasta 10 a\u00f1os gratis [:]","og_url":"https:\/\/airasmoniz.com\/product\/bono-regalo-visita-guiada\/","og_site_name":"AIRAS MONIZ","article_modified_time":"2026-03-25T14:12:34+00:00","og_image":[{"width":581,"height":420,"url":"https:\/\/airasmoniz.com\/wp-content\/uploads\/2025\/12\/AIRAS-MONIZ-144-BAJAT_2.jpg","type":"image\/jpeg"}],"twitter_card":"summary_large_image","twitter_misc":{"Tiempo de lectura":"2 minutos"},"schema":{"@context":"https:\/\/schema.org","@graph":[{"@type":"WebPage","@id":"https:\/\/airasmoniz.com\/product\/bono-regalo-visita-guiada\/","url":"https:\/\/airasmoniz.com\/product\/bono-regalo-visita-guiada\/","name":"Bono Regalo - AIRAS MONIZ","isPartOf":{"@id":"https:\/\/airasmoniz.com\/#website"},"primaryImageOfPage":{"@id":"https:\/\/airasmoniz.com\/product\/bono-regalo-visita-guiada\/#primaryimage"},"image":{"@id":"https:\/\/airasmoniz.com\/product\/bono-regalo-visita-guiada\/#primaryimage"},"thumbnailUrl":"https:\/\/airasmoniz.com\/wp-content\/uploads\/2025\/12\/AIRAS-MONIZ-144-BAJAT_2.jpg","datePublished":"2024-06-26T11:29:31+00:00","dateModified":"2026-03-25T14:12:34+00:00","breadcrumb":{"@id":"https:\/\/airasmoniz.com\/product\/bono-regalo-visita-guiada\/#breadcrumb"},"inLanguage":"es","potentialAction":[{"@type":"ReadAction","target":["https:\/\/airasmoniz.com\/product\/bono-regalo-visita-guiada\/"]}]},{"@type":"ImageObject","inLanguage":"es","@id":"https:\/\/airasmoniz.com\/product\/bono-regalo-visita-guiada\/#primaryimage","url":"https:\/\/airasmoniz.com\/wp-content\/uploads\/2025\/12\/AIRAS-MONIZ-144-BAJAT_2.jpg","contentUrl":"https:\/\/airasmoniz.com\/wp-content\/uploads\/2025\/12\/AIRAS-MONIZ-144-BAJAT_2.jpg","width":581,"height":420},{"@type":"BreadcrumbList","@id":"https:\/\/airasmoniz.com\/product\/bono-regalo-visita-guiada\/#breadcrumb","itemListElement":[{"@type":"ListItem","position":1,"name":"Inicio","item":"https:\/\/airasmoniz.com\/"},{"@type":"ListItem","position":2,"name":"Produtos","item":"https:\/\/airasmoniz.com\/shop\/"},{"@type":"ListItem","position":3,"name":"Bono Regalo"}]},{"@type":"WebSite","@id":"https:\/\/airasmoniz.com\/#website","url":"https:\/\/airasmoniz.com\/","name":"AIRAS MONIZ","description":"Queixos galegos","potentialAction":[{"@type":"SearchAction","target":{"@type":"EntryPoint","urlTemplate":"https:\/\/airasmoniz.com\/?s={search_term_string}"},"query-input":{"@type":"PropertyValueSpecification","valueRequired":true,"valueName":"search_term_string"}}],"inLanguage":"es"}]}},"_links":{"self":[{"href":"https:\/\/airasmoniz.com\/es\/wp-json\/wp\/v2\/product\/2150","targetHints":{"allow":["GET"]}}],"collection":[{"href":"https:\/\/airasmoniz.com\/es\/wp-json\/wp\/v2\/product"}],"about":[{"href":"https:\/\/airasmoniz.com\/es\/wp-json\/wp\/v2\/types\/product"}],"wp:featuredmedia":[{"embeddable":true,"href":"https:\/\/airasmoniz.com\/es\/wp-json\/wp\/v2\/media\/2323"}],"wp:attachment":[{"href":"https:\/\/airasmoniz.com\/es\/wp-json\/wp\/v2\/media?parent=2150"}],"wp:term":[{"taxonomy":"product_brand","embeddable":true,"href":"https:\/\/airasmoniz.com\/es\/wp-json\/wp\/v2\/product_brand?post=2150"},{"taxonomy":"product_cat","embeddable":true,"href":"https:\/\/airasmoniz.com\/es\/wp-json\/wp\/v2\/product_cat?post=2150"},{"taxonomy":"product_tag","embeddable":true,"href":"https:\/\/airasmoniz.com\/es\/wp-json\/wp\/v2\/product_tag?post=2150"}],"curies":[{"name":"wp","href":"https:\/\/api.w.org\/{rel}","templated":true}]}}